{"id":394,"date":"2024-06-11T10:34:28","date_gmt":"2024-06-11T08:34:28","guid":{"rendered":"https:\/\/shop.eversportsmanager.com\/?post_type=product&#038;p=394"},"modified":"2025-09-22T13:43:50","modified_gmt":"2025-09-22T11:43:50","slug":"zugangskontrolle-access-control-via-qr-code","status":"publish","type":"product","link":"https:\/\/shop.eversportsmanager.com\/en\/produkt\/zugangskontrolle-access-control-via-qr-code\/","title":{"rendered":"Zugangskontrolle &#8211; Access control via QR-Code"},"content":{"rendered":"<p>Mit der Zugangskontrolle kannst Du Deinen Kunden an T\u00fcren oder Drehkreuzen den Zugang zur Deiner Ballsporthalle gew\u00e4hren. Dazu scannt Dein Kunde den QR-Code aus der Best\u00e4tigungsmail seiner Buchung.<\/p>\n<p><strong>Bitte beachte, dass zur Nutzung der Zugangskontrolle monatliche Geb\u00fchren entstehen. Bitte kontaktiere unser Sales-Team unter inbound@eversports.com um einen entsprechenden Vertrag zu unterzeichnen.<\/strong><\/p>\n<h4><span style=\"font-weight: 400;\">Was kann die Zugangskontrolle und was nicht?<\/span><\/h4>\n<ul>\n<li style=\"font-weight: 400;\" aria-level=\"1\"><span style=\"font-weight: 400;\">Die Kunden erhalten mit einem QR-Code Zugang zu Deiner Ballsporthalle entsprechend deren Belegungen im Courtplaner<\/span><\/li>\n<li style=\"font-weight: 400;\" aria-level=\"1\"><span style=\"font-weight: 400;\">Der QR-Code-Leser wird in der N\u00e4he der T\u00fcr montiert und mit dem T\u00fcr\u00f6ffer verbunden. Du ben\u00f6tigst lediglich einen Stromanschluss f\u00fcr den Betrieb. Das zu \u00f6ffnende Schloss ben\u00f6tigt eine eigene Stromversorgung<\/span><\/li>\n<li><span style=\"font-weight: 400;\">Automatische Einstellung auf Sommer-\/ Winterzeit<\/span><\/li>\n<li aria-level=\"1\">Variable Vor- und Nachlaufzeiten<\/li>\n<li aria-level=\"1\">Es k\u00f6nnen nur QR-Codes verwendet werden, <em>keine<\/em> Karten, Fingerprints o.\u00e4.<\/li>\n<\/ul>\n","protected":false},"excerpt":{"rendered":"<h3><span style=\"font-weight: 400;\">Anleitung zum Einbau und Inbetriebnahme der Zugangskontrolle von Eversports<\/span><\/h3>\n<h4><span style=\"font-weight: 400;\">Allgemeines<\/span><\/h4>\n<ul>\n<li style=\"font-weight: 400;\" aria-level=\"1\"><span style=\"font-weight: 400;\">Die Zugangskontrolle sollte von einem Fachmann installiert werden. Bitte beachten Sie, dass wir f\u00fcr Besch\u00e4digungen, die durch nicht sachgem\u00e4\u00dfen Umgang mit der gelieferten Hardware entstehen, nicht haften.<\/span><\/li>\n<li style=\"font-weight: 400;\" aria-level=\"1\"><span style=\"font-weight: 400;\">Bitte halten Sie sich zu 100% an die Einbauanweisungen!<\/span><\/li>\n<\/ul>\n<h4><span style=\"font-weight: 400;\">Lieferumfang<\/span><\/h4>\n<ul>\n<li style=\"font-weight: 400;\" aria-level=\"1\">QR-Code-Leser<\/li>\n<\/ul>\n<h4><span style=\"font-weight: 400;\">Sie ben\u00f6tigen f\u00fcr den Anschluss<\/span><\/h4>\n<ul>\n<li style=\"font-weight: 400;\" aria-level=\"1\"><span style=\"font-weight: 400;\">eine Steckdosen f\u00fcr den elektrischen Anschluss<\/span><\/li>\n<li aria-level=\"1\">Material f\u00fcr den Anschluss an Ihre T\u00fcr\u00f6ffnung<\/li>\n<\/ul>\n<h4><span style=\"font-weight: 400;\">Installation<\/span><\/h4>\n<p>siehe dem Produkt beiliegende Installationsanleitung<\/p>\n","protected":false},"featured_media":395,"template":"","meta":[],"product_cat":[73],"product_tag":[],"aioseo_notices":[],"_links":{"self":[{"href":"https:\/\/shop.eversportsmanager.com\/en\/wp-json\/wp\/v2\/product\/394"}],"collection":[{"href":"https:\/\/shop.eversportsmanager.com\/en\/wp-json\/wp\/v2\/product"}],"about":[{"href":"https:\/\/shop.eversportsmanager.com\/en\/wp-json\/wp\/v2\/types\/product"}],"wp:featuredmedia":[{"embeddable":true,"href":"https:\/\/shop.eversportsmanager.com\/en\/wp-json\/wp\/v2\/media\/395"}],"wp:attachment":[{"href":"https:\/\/shop.eversportsmanager.com\/en\/wp-json\/wp\/v2\/media?parent=394"}],"wp:term":[{"taxonomy":"product_cat","embeddable":true,"href":"https:\/\/shop.eversportsmanager.com\/en\/wp-json\/wp\/v2\/product_cat?post=394"},{"taxonomy":"product_tag","embeddable":true,"href":"https:\/\/shop.eversportsmanager.com\/en\/wp-json\/wp\/v2\/product_tag?post=394"}],"curies":[{"name":"wp","href":"https:\/\/api.w.org\/{rel}","templated":true}]}}