{"id":284,"date":"2023-01-13T11:57:43","date_gmt":"2023-01-13T10:57:43","guid":{"rendered":"https:\/\/shop.eversportsmanager.com\/?post_type=product&#038;p=284"},"modified":"2025-05-20T09:38:55","modified_gmt":"2025-05-20T07:38:55","slug":"lichtsteuerung-everlight-control-2","status":"publish","type":"product","link":"https:\/\/shop.eversportsmanager.com\/en\/produkt\/lichtsteuerung-everlight-control-2\/","title":{"rendered":"Lichtsteuerung &#8211; Everlight control"},"content":{"rendered":"<p>Mit der Lichtsteuerung Everlight Control wird die Beleuchtung in Deiner Sporthalle entsprechend der Belegungssituation Deines Courtmanagers geschaltet. Dazu bekommst Du von uns eine Relaiskarte, die Dein Elektriker mit den entsprechenden Schaltungen in Deinem Schaltschrank verbindet. Der mitgelieferte Steuerrechner ruft konstant die aktuelle Belegungssituation Deines Courtmanagers ab und schaltet die Relais entsprechend. Das hier angebotene Modul kann max. 8 Pl\u00e4tze \/ Courts schalten, d.h. solltest Du mehr Pl\u00e4tze \/ Courts haben, musst Du entsprechend mehr Steuerungen bestellen.<\/p>\n<h4><span style=\"font-weight: 400;\">Was kann die Steuerung und was nicht?<\/span><\/h4>\n<ul>\n<li style=\"font-weight: 400;\" aria-level=\"1\"><span style=\"font-weight: 400;\">Das Licht entsprechend der Belegungen in Deinem Courtplaner schalten<\/span><\/li>\n<li style=\"font-weight: 400;\" aria-level=\"1\"><span style=\"font-weight: 400;\">Das Licht wird immer eingeschaltet, wenn eine Belegung vorhanden ist. Es wird nicht unterschieden, ob die Belegung bezahlt ist oder nicht. Auch wird keine Anwesenheit vorausgesetzt.<\/span><\/li>\n<li style=\"font-weight: 400;\" aria-level=\"1\"><span style=\"font-weight: 400;\">Jedem Platz des Courtplaners ist genau ein Relais zugeordnet<\/span><\/li>\n<li style=\"font-weight: 400;\" aria-level=\"1\"><span style=\"font-weight: 400;\">F\u00fcr jeden Platz kannst Du verschiedene Vor- und Nachlaufzeiten einstellen<\/span><\/li>\n<li style=\"font-weight: 400;\" aria-level=\"1\"><span style=\"font-weight: 400;\">Automatische Einstellung auf Sommer-\/ Winterzeit<\/span><\/li>\n<li style=\"font-weight: 400;\" aria-level=\"1\"><span style=\"font-weight: 400;\">Die Steuerung wird zentral eingebaut, d.h. der Anschluss erfolgt entweder an einem vorhandenen Schaltpult (parallel zu den Schaltern) oder im Schaltkasten mit den Sicherungen f\u00fcr die Platzbeleuchtung<\/span><\/li>\n<li style=\"font-weight: 400;\" aria-level=\"1\"><span style=\"font-weight: 400;\">Die Steuerung kann <\/span><i><span style=\"font-weight: 400;\">nicht<\/span><\/i><span style=\"font-weight: 400;\"> mehrere Arten der Beleuchtung (1 \/ 2 \/ 3 Reihen) oder verschiedene Stufen der Helligkeit steuern<\/span><\/li>\n<li style=\"font-weight: 400;\" aria-level=\"1\">Die Steuerung unterst\u00fctzt BUS-Systeme <i>nicht<\/i>. Sie schaltet Relais entsprechend der Funktionalit\u00e4t von Schaltern ein und aus<\/li>\n<\/ul>\n","protected":false},"excerpt":{"rendered":"<h1><span style=\"font-weight: 400;\">everlightControl &#8211; lighting control<\/span><\/h1>\n<p><span style=\"font-weight: 400;\">Mittels der Lichtsteuerung von Eversports kannst Du die Beleuchtung Deiner Pl\u00e4tze und Courts automatisieren und entsprechend Deiner Platzbelegung steuern.<\/span><\/p>\n<h4><span style=\"font-weight: 400;\">Was kann die Steuerung und was nicht?<\/span><\/h4>\n<ul>\n<li style=\"font-weight: 400;\" aria-level=\"1\"><span style=\"font-weight: 400;\">Das Licht entsprechend der Belegungen in Deinem Courtplaner schalten<\/span><\/li>\n<li style=\"font-weight: 400;\" aria-level=\"1\"><span style=\"font-weight: 400;\">Das Licht wird immer eingeschaltet, wenn eine Belegung vorhanden ist. Es wird nicht unterschieden, ob die Belegung bezahlt ist oder nicht. Auch wird keine Anwesenheit vorausgesetzt.<\/span><\/li>\n<li style=\"font-weight: 400;\" aria-level=\"1\"><span style=\"font-weight: 400;\">Jedem Platz des Courtplaners ist genau ein Relais zugeordnet<\/span><\/li>\n<li style=\"font-weight: 400;\" aria-level=\"1\"><span style=\"font-weight: 400;\">F\u00fcr jeden Platz kannst Du verschiedene Vor- und Nachlaufzeiten einstellen<\/span><\/li>\n<li style=\"font-weight: 400;\" aria-level=\"1\"><span style=\"font-weight: 400;\">Automatische Einstellung auf Sommer-\/ Winterzeit<\/span><\/li>\n<li style=\"font-weight: 400;\" aria-level=\"1\"><span style=\"font-weight: 400;\">Die Steuerung wird zentral eingebaut, d.h. der Anschluss erfolgt entweder an einem vorhandenen Schaltpult (parallel zu den Schaltern) oder im Schaltkasten mit den Sicherungen f\u00fcr die Platzbeleuchtung<\/span><\/li>\n<li style=\"font-weight: 400;\" aria-level=\"1\"><span style=\"font-weight: 400;\">Die Steuerung kann <\/span><i><span style=\"font-weight: 400;\">nicht<\/span><\/i><span style=\"font-weight: 400;\"> mehrere Arten der Beleuchtung (1 \/ 2 \/ 3 Reihen) oder verschiedene Stufen der Helligkeit steuern<\/span><\/li>\n<li style=\"font-weight: 400;\" aria-level=\"1\"><span style=\"font-weight: 400;\">Die Steuerung unterst\u00fctzt BUS-Systeme <\/span><i><span style=\"font-weight: 400;\">nicht<\/span><\/i><span style=\"font-weight: 400;\">. Sie schaltet Relais entsprechend der Funktionalit\u00e4t von Schaltern ein und aus.<\/span><\/li>\n<\/ul>\n<h3><span style=\"font-weight: 400;\">Was brauchst Du, um die Steuerung nutzen zu k\u00f6nnen?<\/span><\/h3>\n<ul>\n<li style=\"font-weight: 400;\" aria-level=\"1\"><span style=\"font-weight: 400;\">Den Eversports Manager mit Courtplaner (alternativ vorhandene smile-Software)<\/span><\/li>\n<li style=\"font-weight: 400;\" aria-level=\"1\"><span style=\"font-weight: 400;\">Unsere Hardware zur Lichtsteuerung<\/span><\/li>\n<li style=\"font-weight: 400;\" aria-level=\"1\"><span style=\"font-weight: 400;\">Anschluss 250V f\u00fcr den Steuerrechner und die Relaiskarten in Form von Steckdosen<\/span><\/li>\n<li style=\"font-weight: 400;\" aria-level=\"1\"><span style=\"font-weight: 400;\">Internetanschluss kabel basiert (kein WLAN) f\u00fcr den Steuerrechner (nicht bei Steuerung mit smile)<\/span><\/li>\n<li style=\"font-weight: 400;\" aria-level=\"1\"><span style=\"font-weight: 400;\">Einen Elektriker, der die Steuerung anschlie\u00dft<\/span><\/li>\n<li style=\"font-weight: 400;\" aria-level=\"1\"><span style=\"font-weight: 400;\">Einen telefonischen Termin mit (D)einem Supportmitarbeiter zur endg\u00fcltigen Konfiguration und Inbetriebnahme.<\/span><\/li>\n<\/ul>\n<h2><span style=\"font-weight: 400;\">Einbau der Steuerung<\/span><\/h2>\n<h3><span style=\"font-weight: 400;\">Allgemeines<\/span><\/h3>\n<ul>\n<li style=\"font-weight: 400;\" aria-level=\"1\"><span style=\"font-weight: 400;\">Die Lichtsteuerung sollte von einem Fachmann (Elektriker) installiert werden. Bitte beachte, dass wir f\u00fcr Besch\u00e4digungen, die durch nicht sachgem\u00e4\u00dfen Umgang mit der gelieferten Hardware entstehen, nicht haften.<\/span><\/li>\n<li style=\"font-weight: 400;\" aria-level=\"1\"><span style=\"font-weight: 400;\">Bitte vereinbare einen Termin mit einem Mitarbeiter von Eversports, der die Steuerung nach dem Einbau in Betrieb nehmen kann (das geschieht online via Teamviewer und erfordert keinen pers\u00f6nlichen Besuch).<\/span><\/li>\n<li style=\"font-weight: 400;\" aria-level=\"1\"><span style=\"font-weight: 400;\">Bitte halte Dich zu 100% an die Einbauanweisungen!<\/span><\/li>\n<\/ul>\n<h3><span style=\"font-weight: 400;\">Lieferumfang<\/span><\/h3>\n<ul>\n<li style=\"font-weight: 400;\" aria-level=\"1\"><span style=\"font-weight: 400;\">Steuer-PC (nicht bei Steuerung mit smile)<\/span><\/li>\n<li style=\"font-weight: 400;\" aria-level=\"1\"><span style=\"font-weight: 400;\">Steuer-Karte (eingebaut in eine Box)<\/span><\/li>\n<li style=\"font-weight: 400;\" aria-level=\"1\"><span style=\"font-weight: 400;\">USB-Kabel zum Anschluss der Steuerkarte an den Steuer-PC<br \/>\n<\/span><\/li>\n<\/ul>\n<h3><span style=\"font-weight: 400;\">Du ben\u00f6tigst f\u00fcr den Anschluss<\/span><\/h3>\n<ul>\n<li style=\"font-weight: 400;\" aria-level=\"1\"><span style=\"font-weight: 400;\">zwei Steckdosen f\u00fcr den elektrischen Anschluss<\/span><\/li>\n<li style=\"font-weight: 400;\" aria-level=\"1\"><span style=\"font-weight: 400;\">ein CAT6-Netzwerkkabel (5m)<\/span><\/li>\n<li style=\"font-weight: 400;\" aria-level=\"1\"><span style=\"font-weight: 400;\">einen freien LAN-Netzwerk-Anschluss<\/span><\/li>\n<li style=\"font-weight: 400;\" aria-level=\"1\"><span style=\"font-weight: 400;\">Internetzugang &gt; 6MBit<\/span><\/li>\n<li style=\"font-weight: 400;\" aria-level=\"1\"><span style=\"font-weight: 400;\">Anschlussmaterial f\u00fcr den Anschluss der Steuerkarte an Ihre Lichtanlage<\/span><\/li>\n<\/ul>\n<h3><span style=\"font-weight: 400;\">Installation<\/span><\/h3>\n<h4><span style=\"font-weight: 400;\">Aufstellen des Steuer-PC\u2019s<\/span><\/h4>\n<ol>\n<li style=\"font-weight: 400;\" aria-level=\"1\"><span style=\"font-weight: 400;\">Verbinde das USB-Kabel, dass aus der Steuerbox kommt mit einem USB-Anschluss des Rechners<\/span><\/li>\n<li style=\"font-weight: 400;\" aria-level=\"1\"><span style=\"font-weight: 400;\">Verbinde mit dem Netzwerkkabel den Steuerrechner mit einem Router, der mit dem Internetzugriff steuert. (nicht bei Steuerung mit smile)<\/span><\/li>\n<li style=\"font-weight: 400;\" aria-level=\"1\"><span style=\"font-weight: 400;\">Stecke den Netzstecker in die Steckdose und das andere Ende des Kabels in den Anschluss, der am Steuer-PC daf\u00fcr vorgesehen ist. (nicht bei Steuerung mit smile)<\/span><\/li>\n<\/ol>\n<h4><span style=\"font-weight: 400;\">Anschluss der Steuerkarte<\/span><\/h4>\n<ol>\n<li style=\"font-weight: 400;\" aria-level=\"1\"><span style=\"font-weight: 400;\">Jeweils ein Relais der Steuerkarte schaltet genau einen Steuerkreis (Platz)<\/span><\/li>\n<li style=\"font-weight: 400;\" aria-level=\"1\"><span style=\"font-weight: 400;\">Der Anschluss erfolgt schaltend, d.h. zu Beginn der Stunde wird das Relais angezogen und am Ende gel\u00f6st.<\/span><\/li>\n<li style=\"font-weight: 400;\" aria-level=\"1\"><span style=\"font-weight: 400;\">Welches Relais welchem Platz zugeordnet ist, findest Du am Ende dieses Dokuments.<\/span><\/li>\n<li style=\"font-weight: 400;\" aria-level=\"1\"><span style=\"font-weight: 400;\">Es k\u00f6nnen max. 230V geschaltet werden<\/span><\/li>\n<li style=\"font-weight: 400;\" aria-level=\"1\"><span style=\"font-weight: 400;\">Der Elektriker wird nun die Relais parallel zu den vorhandenen Schaltern mit Ihrer Lichtanlage verbinden.<\/span><\/li>\n<li style=\"font-weight: 400;\" aria-level=\"1\"><span style=\"font-weight: 400;\">Die Relais schalten potentialfrei<\/span><\/li>\n<\/ol>\n<h4><span style=\"font-weight: 400;\">Relaisbelegung (wird von Eversports gef\u00fcllt, hier nur Beispiel)<\/span><\/h4>\n<p>&nbsp;<\/p>\n<table>\n<tbody>\n<tr>\n<td><b>Relais<\/b><\/td>\n<td><b>Sportart<\/b><\/td>\n<td><b>Platz<\/b><\/td>\n<\/tr>\n<tr>\n<td><span style=\"font-weight: 400;\">1<\/span><\/td>\n<td><span style=\"font-weight: 400;\">Tennis<\/span><\/td>\n<td><span style=\"font-weight: 400;\">1<\/span><\/td>\n<\/tr>\n<tr>\n<td><span style=\"font-weight: 400;\">2<\/span><\/td>\n<td><span style=\"font-weight: 400;\">Tennis<\/span><\/td>\n<td><span style=\"font-weight: 400;\">2<\/span><\/td>\n<\/tr>\n<tr>\n<td><span style=\"font-weight: 400;\">3<\/span><\/td>\n<td><span style=\"font-weight: 400;\">Tennis<\/span><\/td>\n<td><span style=\"font-weight: 400;\">3<\/span><\/td>\n<\/tr>\n<\/tbody>\n<\/table>\n<p>&nbsp;<\/p>\n<p><i><span style=\"font-weight: 400;\">Der Anschluss der Relais an die vorhandene Schaltung muss entsprechend der Tabelle oben erfolgen.<\/span><\/i><\/p>\n<h3><span style=\"font-weight: 400;\">Inbetriebnahme<\/span><\/h3>\n<p><span style=\"font-weight: 400;\">Zur Inbetriebnahme stimme einen Termin mit einem Mitarbeiter unseres Teams ab. Sinnvollerweise sollte dieser Termin an dem Tag stattfinden, an dem der Elektriker die Steuerung anschlie\u00dft. Wir werden uns via Teamviewer-Fernsteuerung auf den Rechner schalten und die notwendigen Einstellungen und Tests aus der Ferne vornehmen. Die pers\u00f6nliche Anwesenheit unseres Mitarbeiters vor Ort ist nicht notwendig, nicht vorgesehen und im Preis nicht enthalten.<\/span><\/p>\n","protected":false},"featured_media":285,"template":"","meta":[],"product_cat":[73],"product_tag":[],"aioseo_notices":[],"_links":{"self":[{"href":"https:\/\/shop.eversportsmanager.com\/en\/wp-json\/wp\/v2\/product\/284"}],"collection":[{"href":"https:\/\/shop.eversportsmanager.com\/en\/wp-json\/wp\/v2\/product"}],"about":[{"href":"https:\/\/shop.eversportsmanager.com\/en\/wp-json\/wp\/v2\/types\/product"}],"wp:featuredmedia":[{"embeddable":true,"href":"https:\/\/shop.eversportsmanager.com\/en\/wp-json\/wp\/v2\/media\/285"}],"wp:attachment":[{"href":"https:\/\/shop.eversportsmanager.com\/en\/wp-json\/wp\/v2\/media?parent=284"}],"wp:term":[{"taxonomy":"product_cat","embeddable":true,"href":"https:\/\/shop.eversportsmanager.com\/en\/wp-json\/wp\/v2\/product_cat?post=284"},{"taxonomy":"product_tag","embeddable":true,"href":"https:\/\/shop.eversportsmanager.com\/en\/wp-json\/wp\/v2\/product_tag?post=284"}],"curies":[{"name":"wp","href":"https:\/\/api.w.org\/{rel}","templated":true}]}}